{"id":3960,"date":"2019-04-19T08:39:04","date_gmt":"2019-04-19T06:39:04","guid":{"rendered":"https:\/\/www.pixolum.com\/blog\/?page_id=3960"},"modified":"2020-03-05T22:25:58","modified_gmt":"2020-03-05T21:25:58","slug":"bildgestaltung-bildkomposition","status":"publish","type":"page","link":"https:\/\/www.pixolum.com\/blog\/bildgestaltung-bildkomposition","title":{"rendered":"Bildgestaltung und Komposition"},"content":{"rendered":"<p><strong>Die Bildgestaltung ist eine der grundlegenden Ideen hinter jeder Kunst. Ob Fotografie, Malerei oder Grafikdesign. Es ist das Wort, um zu beschreiben, wie alles in deinem Bild zusammenpasst. Aber es wird oft \u00fcbersehen und abgelehnt. In diesem Artikel werde ich die allgemeine Bedeutung des Begriffs Bildgestaltung in der Kunst beschreiben. Du wirst erfahren, wie du die Bildgestaltung in der Fotografie verwenden kannst. Ich werde auch kurz auf das Ziel der Bildgestaltung eingehen, definieren, was eine gute Bildgestaltung ausmacht und warum sie ein so wichtiger Bestandteil jedes Kunstwerks ist.<\/strong><\/p>\n<figure id=\"attachment_7142\" aria-describedby=\"caption-attachment-7142\" style=\"width: 800px\" class=\"wp-caption alignnone\"><img loading=\"lazy\" decoding=\"async\" class=\"wp-image-7142 size-large\" src=\"https:\/\/www.pixolum.com\/blog\/wp-content\/uploads\/2019\/10\/bildgestaltung-walls-800x533.jpeg\" alt=\"bildgestaltung fotografie mauern\" width=\"800\" height=\"533\" title=\"\" srcset=\"https:\/\/www.pixolum.com\/blog\/wp-content\/uploads\/2019\/10\/bildgestaltung-walls-800x533.jpeg 800w, https:\/\/www.pixolum.com\/blog\/wp-content\/uploads\/2019\/10\/bildgestaltung-walls-250x167.jpeg 250w, https:\/\/www.pixolum.com\/blog\/wp-content\/uploads\/2019\/10\/bildgestaltung-walls-768x512.jpeg 768w, https:\/\/www.pixolum.com\/blog\/wp-content\/uploads\/2019\/10\/bildgestaltung-walls-120x80.jpeg 120w\" sizes=\"auto, (max-width: 800px) 100vw, 800px\" \/><figcaption id=\"caption-attachment-7142\" class=\"wp-caption-text\">Eine gute Bildgestaltung kann aus den langweiligsten Motiven ein Meisterwerk machen (@Nick, pexels.com)<\/figcaption><\/figure>\n<h2>Bildgestaltung: Definition des Begriffs<\/h2>\n<p>Der Begriff <strong>Bildgestaltung bzw. Komposition<\/strong> bezieht sich nicht nur auf die bildende Kunst, sondern auch auf Musik, Tanz, Literatur und praktisch jede andere Form von Kunst. In bestimmten Kontexten, wie z. B. dem Schreiben, ist dieser Begriff vielleicht nicht so weit verbreitet, aber dennoch genauso g\u00fcltig. Im Allgemeinen hat der Begriff <strong>Bildgestaltung<\/strong> zwei unterschiedliche, aber verwandte Bedeutungen.<\/p>\n<div class=\"pixol-adsense-mitte-beginn-artiel\" style=\"float: right;\" id=\"pixol-2852553641\"><script async type=\"text\/javascript\" src=\"\/\/cdn.carbonads.com\/carbon.js?serve=CE7IL2JM&placement=wwwpixolumcom\" id=\"_carbonads_js\"><\/script><\/div><p>In erster Linie beschreibt <strong>Bildgestaltung<\/strong> die Platzierung von relativen Objekten und Elementen in einem Kunstwerk. Folglich ist die Bildgestaltung ein <a href=\"https:\/\/www.pixolum.com\/blog\/fotografie\/fine-art\">Schl\u00fcsselaspekt eines guten Kunstwerks<\/a>. Man kann es praktisch nie genug oft erw\u00e4hnen. Jeder angehende K\u00fcnstler sollte der Bildgestaltung seines Werkes viel Aufmerksamkeit schenken.<\/p>\n<ul class=\"iconlist\">\n<li>Eine gute Bildgestaltung ist eine, die <a href=\"https:\/\/www.pixolum.com\/blog\/fotografie\/minimalismus-einfachheit\">gerade genug Details<\/a> hat. Was heisst das?<\/li>\n<li><strong>Zu wenig Elemente<\/strong> sind schlecht, weil sie dem Kunstwerk die notwendigen Details rauben, die eine korrekte Interpretation erm\u00f6glichen. Details sind oft auch notwendig, um eine bestimmte <a href=\"https:\/\/www.pixolum.com\/blog\/fotografie\/balance-gleichgewicht\">Balance im Bild herzustellen<\/a>.<\/li>\n<li><strong>Zu viele Elemente<\/strong> k\u00f6nnen jedoch auch sehr st\u00f6rend sein. Eine gute Zusammensetzung eines Bildes erfordert ein gutes Gesp\u00fcr f\u00fcr das Gleichgewicht. Stelle einfach sicher, dass alle notwendigen Elemente f\u00fcr deine &#8222;Geschichte&#8220; im Bild vorhanden sind. Nicht mehr und nicht weniger.<\/li>\n<\/ul>\n<p>In einigen F\u00e4llen kann Bildgestaltung die Kunst selbst bedeuten und ist ein Synonym f\u00fcr diesen Begriff. Wenn man beispielsweise \u00fcber einen bestimmten Tanz spricht, kann man einen Satz wie &#8222;Diese Bildgestaltung &#8230;&#8220; verwenden. Eine solche Definition gilt auch <a href=\"https:\/\/www.fhnw.ch\/de\/studium\/musik\/klassik\/bachelor-of-arts-in-musik\/komposition\" target=\"_blank\" rel=\"noopener\">weitgehend f\u00fcr Musik<\/a>, bei der man von einer Komposition (die Sch\u00f6pfer davon sind als Komponisten bekannt) spricht.<\/p>\n<h2>Was ist Bildgestaltung in der Fotografie?<\/h2>\n<p>Nun da wir die allgemeine Definition des Begriffs\u00a0<strong>Bildgestaltung<\/strong> kennen, ist es nicht allzu schwer, seine Bedeutung in der Fotografie herauszufinden. Einfach ausgedr\u00fcckt, bedeutet die Bildgestaltung eines Bildes, Elemente im Bild so anzuordnen, dass sie der Kernidee oder dem Ziel deiner Arbeit am besten entsprechen. Die Anordnung kann durch die nat\u00fcrliche Bewegung der Objekte oder Subjekte erfolgen.<\/p><div class=\"pixol-inhalt_3\" style=\"margin-bottom: 30px;\" id=\"pixol-186471524\"><h4>Kennst du schon meine 52 weltbesten Spickzettel?<\/h4>\r\n<div class=\"spickteaser\">\r\n<div class=\"row\">\r\n<div class=\"col-sm-7\">\r\n\t<a href=\"https:\/\/www.pixolum.com\/blog\/downloads\/fotografie-spickzettel?utm_source=pixolum&utm_medium=blog_inarticle&utm_campaign=spk_pix_sale_30&utm_term=p79\"><img class=\"alignnone size-full wp-image-8300\" src=\"https:\/\/www.pixolum.com\/blog\/wp-content\/uploads\/2020\/10\/Fotospickzettel-pixolum-500px.jpg\" alt=\"Fotografie Spickzettel\" loading=\u201dlazy\u201d \/><\/a>\r\n\t<\/div>\r\n<div class=\"col-sm-5\">\r\n<a href=\"https:\/\/www.pixolum.com\/blog\/downloads\/fotografie-spickzettel?utm_source=pixolum&utm_medium=blog_inarticle&utm_campaign=spk_pix_sale_30&utm_term=p79\">\r\n\t<ul class=\"check_icon_list check_icon_list--spickzettel\">\r\n\t\t<li>Mein ganzes Fotowissen<\/li>\r\n\t\t<li>Bessere Fotos in 5 Minuten<\/li>\r\n\t\t<li>Referenz zum Nachschlagen<\/li>\r\n\t\t<li>Kompakt, immer dabei!<\/li>\r\n\t\t<li>Rabatt nicht verpassen!<b><span>-50%<\/span><\/b><\/li>\r\n\t<\/ul>\r\n\t<div class=\"trenner_30\"><\/div>\r\n<\/a>\r\n<a href=\"https:\/\/www.pixolum.com\/blog\/downloads\/fotografie-spickzettel?utm_source=pixolum&utm_medium=blog_inarticle&utm_campaign=spk_pix_sale_30&utm_term=p79\" class=\"btn btn-primary btn-lg btn-block\">Ou ja, zeig mal!<\/a><\/div>\r\n<\/div>\r\n<\/div>\r\n<hr><\/div>\n<p>Ein gutes Beispiel f\u00fcr diesen Fall ist die <a href=\"https:\/\/www.pixolum.com\/blog\/fotografie\/portraetfotos-techniken\">Portr\u00e4t<\/a>&#8211; oder Stilllebenfotografie. Die Street-Fotografie ist mit Erwartungen verbunden, da der Fotograf in der Regel nicht die M\u00f6glichkeit hat, seine Motive selbst zu bewegen, sondern warten muss, bis sie die am besten geeignete Position innerhalb des Bildrahmens einnehmen. Eine weitere M\u00f6glichkeit, Elemente anzuordnen, besteht darin, die eigene Position zu \u00e4ndern. Dies solltest du dann tun, wenn du die Objekte, die du fotografierst, nicht physisch bewegen kannst \u2013 zum Beispiel bei der <a href=\"https:\/\/www.pixolum.com\/blog\/fotografie\/10-landschaftsfotografie-tipps-die-deine-fotos-aufs-naechste-level-bringen\">Landschaftsfotografie<\/a>. Bei einem <a href=\"https:\/\/www.pixolum.com\/blog\/fotografie\/gruppenfotos\">Gruppenfoto<\/a> hingegen kannst du die Objekte (Personen) sehr einfach selbst ver\u00e4ndern.<\/p>\n<figure id=\"attachment_7143\" aria-describedby=\"caption-attachment-7143\" style=\"width: 800px\" class=\"wp-caption alignnone\"><img loading=\"lazy\" decoding=\"async\" class=\"wp-image-7143 size-large\" src=\"https:\/\/www.pixolum.com\/blog\/wp-content\/uploads\/2019\/10\/bildgestaltung-spiegelungf-800x533.jpeg\" alt=\"bildgestaltung spiegelung\" width=\"800\" height=\"533\" title=\"\" srcset=\"https:\/\/www.pixolum.com\/blog\/wp-content\/uploads\/2019\/10\/bildgestaltung-spiegelungf-800x533.jpeg 800w, https:\/\/www.pixolum.com\/blog\/wp-content\/uploads\/2019\/10\/bildgestaltung-spiegelungf-250x167.jpeg 250w, https:\/\/www.pixolum.com\/blog\/wp-content\/uploads\/2019\/10\/bildgestaltung-spiegelungf-768x512.jpeg 768w, https:\/\/www.pixolum.com\/blog\/wp-content\/uploads\/2019\/10\/bildgestaltung-spiegelungf-120x80.jpeg 120w\" sizes=\"auto, (max-width: 800px) 100vw, 800px\" \/><figcaption id=\"caption-attachment-7143\" class=\"wp-caption-text\">Ungew\u00f6hnliche Perspektiven verleihen einem Bild eine eigene Ausstrahlung (@zhang kaiyv, pexels.com)<\/figcaption><\/figure>\n<h3>Bewegung des Auges<\/h3>\n<p>Die Bildgestaltung ist eine M\u00f6glichkeit, den Blick des Betrachters auf die wichtigsten Elemente deiner Arbeit zu lenken. Manchmal auch in einer ganz bestimmten Reihenfolge. Eine gute Bildgestaltung kann helfen, selbst aus den langweiligsten Objekten und <a href=\"https:\/\/www.pixolum.com\/blog\/fotografie\/inspiration-fotomotive\">Motiven<\/a> in der einfachsten Umgebung ein Meisterwerk zu machen. Andererseits kann eine schlechte Bildgestaltung ein Foto v\u00f6llig ruinieren, egal wie interessant das Motiv ist. Eine schlecht bewertete Bildgestaltung ist auch nicht etwas, das du normalerweise in der Nachbearbeitung beheben k\u00f6nntest &#8211; im Gegensatz zu einfachen Belichtungskorrekturen oder Weissabgleich-Einstellungen. Das Zuschneiden kann manchmal ein Bild retten, aber nur, wenn ein engerer Rahmen und das Entfernen bestimmter Elemente des Bildes die richtige L\u00f6sung ist. Aus diesem Grund ist es sehr wichtig, dass du deiner <strong>Bildgestaltung<\/strong> vor der Aufnahme eines Bildes bereits viel Aufmerksamkeit schenkst.<\/p>\n<p><a href=\"https:\/\/www.pixolum.com\/blog\/fotografie\/brennweite-und-brennpunkt-verstehen-besser-fotografieren\">Brennweite<\/a>, <a href=\"https:\/\/www.pixolum.com\/blog\/fotografie\/blende\">Blende<\/a> und <a href=\"https:\/\/www.pixolum.com\/blog\/fotografie\/8-kamera-perspektiven-fuer-die-optimale-bildwirkung\">Perspektive<\/a>, in denen du deine Kamera in Bezug auf dein Motiv positionierst, beeinflussen die Bildgestaltung ebenfalls stark. Die Wahl einer gr\u00f6sseren Blende verwischt beispielsweise den Hinter- und Vordergrund und vermindert die Bedeutung der dort platzierten Objekte. Ausserdem f\u00fchrt dies in den meisten F\u00e4llen zu einer st\u00e4rkeren <a href=\"https:\/\/www.pixolum.com\/blog\/fotografie\/vignettierung\"><strong>Vignettierung<\/strong> <\/a>(Verdunkeln oder Ausblenden der Bildecken), was dazu beitr\u00e4gt, den Blick des Betrachters l\u00e4nger im Inneren des Rahmens zu behalten. Das Schliessen der Blende bringt andererseits mehr Objekte in den Fokus, was wiederum zu einer besseren Bildbalance f\u00fchren kann.<\/p>\n<p>Wie das? Nun, &#8222;sch\u00e4rfer fokussierte&#8220; Objekte k\u00f6nnen mehr Aufmerksamkeit erregen als eine verschwommene Form &#8211; aber nicht immer (siehe Bildbeispiel unten). Ein erfahrener Fotograf wird alle verf\u00fcgbaren Mittel einsetzen, um das gew\u00fcnschte Ergebnis zu erzielen. Es ist anzumerken, dass die <span style=\"color: #525864;\"><b>Umfokussierung <\/b><\/span>von Objekten im Vorder- oder Hintergrund ihren Beitrag zur Gesamtbildgestaltung des Bildes nicht zunichtemacht. Einfache Formen, T\u00f6ne, Schatten, Highlights und Farben sind allesamt starke Elemente der <strong>Bildgestaltung<\/strong>.<\/p>\n<h3>Umfokussierung als Element der Bildgestaltung<\/h3>\n<p>Wirf einen Blick auf das untenstehende Bild. Obwohl die Frau, die im Hintergrund zu sehen ist, v\u00f6llig unscharf ist, ist es der lebhafteste Teil des Fotos und gleichzeitig ziemlich hell. Aus diesem Grund zieht es unsere Aufmerksamkeit viel mehr auf sich, als das Hauptthema (die Melonenst\u00fccke im Vordergrund).<\/p>\n<figure id=\"attachment_7141\" aria-describedby=\"caption-attachment-7141\" style=\"width: 800px\" class=\"wp-caption alignnone\"><img loading=\"lazy\" decoding=\"async\" class=\"wp-image-7141 size-large\" src=\"https:\/\/www.pixolum.com\/blog\/wp-content\/uploads\/2019\/10\/bildgestaltung-fokus-800x533.jpeg\" alt=\"bildgestaltung fokus und tiefensch\u00e4rfe\" width=\"800\" height=\"533\" title=\"\" srcset=\"https:\/\/www.pixolum.com\/blog\/wp-content\/uploads\/2019\/10\/bildgestaltung-fokus-800x533.jpeg 800w, https:\/\/www.pixolum.com\/blog\/wp-content\/uploads\/2019\/10\/bildgestaltung-fokus-250x167.jpeg 250w, https:\/\/www.pixolum.com\/blog\/wp-content\/uploads\/2019\/10\/bildgestaltung-fokus-768x512.jpeg 768w, https:\/\/www.pixolum.com\/blog\/wp-content\/uploads\/2019\/10\/bildgestaltung-fokus-1536x1024.jpeg 1536w, https:\/\/www.pixolum.com\/blog\/wp-content\/uploads\/2019\/10\/bildgestaltung-fokus-2048x1365.jpeg 2048w, https:\/\/www.pixolum.com\/blog\/wp-content\/uploads\/2019\/10\/bildgestaltung-fokus-120x80.jpeg 120w\" sizes=\"auto, (max-width: 800px) 100vw, 800px\" \/><figcaption id=\"caption-attachment-7141\" class=\"wp-caption-text\">Nicht fokussierte Objekte tragen trotzdem zum Gesamtbild bei (@Pixabay, pexels.com)<\/figcaption><\/figure>\n<p>Das Gestalten eines Bildes wird schliesslich zu einem sehr nat\u00fcrlichen Prozess. Mit gen\u00fcgend \u00dcbung \u2013 wohlgemerkt, es kann nie zu viel \u00dcbung von etwas geben \u2013 wirst du nicht einmal an die Platzierung dieser Elemente denken m\u00fcssen. Dein Unterbewusstsein wird es f\u00fcr dich tun. Deine Finger w\u00e4hlen die richtigen Kameraeinstellungen, dein Auge f\u00fchrt dich durch den Bildausschnitt. <strong>Schlechte Bildgestaltung<\/strong> wird dir sofort unnat\u00fcrlich und einfach schlichtweg falsch erscheinen. Je mehr Erfahrung du hast, desto bessere Entscheidungen wirst du treffen.<\/p>\n<p>Der beste Weg, als Fotograf zu wachsen, ist nicht, deine Entscheidungen zu \u00fcberst\u00fcrzen und deinem Unterbewusstsein nicht zweifellos zu vertrauen, sondern neue Wege der Bildgestaltung zu erlernen. Nicht dass man seinem Bauchgef\u00fchl nicht trauen sollte \u2013 das sollte man nat\u00fcrlich. Aber stell sicher, dass du auch dar\u00fcber nachdenkst, experimentierst, ein paar Aufnahmen machst und sie w\u00e4hrend der <a href=\"https:\/\/www.pixolum.com\/blog\/fotografie\/bildbearbeitungsprogramm-kostenlos\">Nachbearbeitung<\/a> analysierst. Schau, was am besten funktioniert, und versuch zu verstehen, warum und experimentiere dann weiter.<\/p>\n<h2>Das Ziel der Bildgestaltung<\/h2>\n<p>Man kann davon ausgehen, dass man eine gute Bildgestaltung kreiert hat, wenn es sp\u00fcrbare Emotionen ausl\u00f6st und seine Wirkung entfalten kann. Das Ziel einer <strong>guten Bildgestaltung<\/strong> sollte es daher sein, dein Subjekt oder Objekt auf eine schmeichelhafte, \u00e4sthetisch ansprechende Weise darzustellen. Aber eine solche Meinung ist ein wenig oberfl\u00e4chlich. Nicht jedes Kunstwerk soll dem Betrachter gefallen oder sch\u00f6n sein. Einige K\u00fcnstler versuchen, unterschiedliche, st\u00e4rkere Ideen auszudr\u00fccken, wobei ihnen ihre Subjekte und Bildgestaltungsentscheidungen helfen. Wenn ein K\u00fcnstler zum Beispiel m\u00f6chte, dass sich der Betrachter unwohl oder nerv\u00f6s f\u00fchlt, wird er eine Bildgestaltung w\u00e4hlen, die am wenigsten &#8222;nat\u00fcrlich&#8220; ist. Er wird sich etwas Unerwartetes und Schockierendes einfallen lassen. Die Bildgestaltung nimmt also sehr starken Einfluss auf die <a href=\"https:\/\/www.pixolum.com\/blog\/fotografie\/bildsprache\">Bildsprache<\/a> und Aussagen.<\/p>\n<p>Ein gutes Beispiel f\u00fcr solche Arbeiten ist die <a href=\"http:\/\/www.whywar.at\/akteure\/medien\/kriegsberichterstattung\/kriegsfotografie\/\" target=\"_blank\" rel=\"noopener\">Kriegsfotografie.<\/a> Bei dieser versucht der Fotograf dem Betrachter das Gef\u00fchl zu vermitteln, wie schrecklich und destruktiv Krieg ist. Andererseits kann ein K\u00fcnstler Kriegsopfer auf eine sehr schmeichelhafte und beunruhigend sch\u00f6ne Weise darstellen. Auf diese Weise w\u00fcrde er die h\u00e4ssliche Natur des Krieges auf groteske und sarkastische Weise betonen. Das Ziel einer <strong>guten Bildgestaltung<\/strong> ist es also am Ende, die Idee des K\u00fcnstlers mit den notwendigen Mitteln auszudr\u00fccken.<\/p>\n<figure id=\"attachment_7144\" aria-describedby=\"caption-attachment-7144\" style=\"width: 800px\" class=\"wp-caption alignnone\"><img loading=\"lazy\" decoding=\"async\" class=\"wp-image-7144 size-large\" src=\"https:\/\/www.pixolum.com\/blog\/wp-content\/uploads\/2019\/10\/bildgestaltung-plane-800x450.jpeg\" alt=\"bildgestaltung flugzeug\" width=\"800\" height=\"450\" title=\"\" srcset=\"https:\/\/www.pixolum.com\/blog\/wp-content\/uploads\/2019\/10\/bildgestaltung-plane-800x450.jpeg 800w, https:\/\/www.pixolum.com\/blog\/wp-content\/uploads\/2019\/10\/bildgestaltung-plane-250x141.jpeg 250w, https:\/\/www.pixolum.com\/blog\/wp-content\/uploads\/2019\/10\/bildgestaltung-plane-768x432.jpeg 768w, https:\/\/www.pixolum.com\/blog\/wp-content\/uploads\/2019\/10\/bildgestaltung-plane-120x68.jpeg 120w\" sizes=\"auto, (max-width: 800px) 100vw, 800px\" \/><figcaption id=\"caption-attachment-7144\" class=\"wp-caption-text\">Bildgestaltung ist eine Frage der \u00dcbung (@Jacoby Clarke, pexels.com)<\/figcaption><\/figure>\n<h2>Zusammenfassung<\/h2>\n<p>Gute <strong>Bildgestaltung<\/strong> ist ein Schl\u00fcsselelement f\u00fcr gute Fotos und doch etwas, das schwer zu definieren ist. Anstatt die Grundz\u00fcge als &#8222;Regeln&#8220; zu betrachten, sollten sie als Zutaten betrachtet werden \u2013 du kannst sie jederzeit aus der Speisekammer nehmen und zu einem tollen &#8222;Essen&#8220; (Foto) verarbeiten. Alternativ kannst du sie auch einfach als <strong>n\u00fctzliche Werkzeuge<\/strong> sehen, die du jederzeit aus dem Werkzeugg\u00fcrtel des Bildgestaltungswerkzeugs herausnehmen kannst, um ein grossartiges Bild zu erstellen. Hier findest du unsere <a href=\"https:\/\/www.pixolum.com\/blog\/fotografie\/bildkomposition\">20 besten &#8222;Werkzeuge&#8220;<\/a> oder Bildgestaltungsmittel.<\/p>\n<p>Der Schl\u00fcssel liegt darin, sich daran zu erinnern, dass ein Koch selten alle ihm zur Verf\u00fcgung stehenden Zutaten in einem Gericht verwendet \u2013 \u00e4hnlich verwendet ein Fotograf selten alle Werkzeuge der Bildgestaltung f\u00fcr die Herstellung eines Bildes.<\/p>\n","protected":false},"excerpt":{"rendered":"<p>Die Bildgestaltung ist eine der grundlegenden Ideen hinter jeder Kunst. Ob Fotografie, Malerei oder Grafikdesign. Es ist das Wort, um zu beschreiben, wie alles in deinem Bild zusammenpasst. Aber es wird oft \u00fcbersehen und abgelehnt. In diesem Artikel werde ich die allgemeine Bedeutung des Begriffs Bildgestaltung in der Kunst beschreiben. Du wirst erfahren, wie du [&hellip;]<\/p>\n","protected":false},"author":1,"featured_media":3962,"parent":0,"menu_order":0,"comment_status":"open","ping_status":"closed","template":"","meta":{"om_disable_all_campaigns":false,"footnotes":""},"class_list":["post-3960","page","type-page","status-publish","has-post-thumbnail","hentry"],"_links":{"self":[{"href":"https:\/\/www.pixolum.com\/blog\/wp-json\/wp\/v2\/pages\/3960","targetHints":{"allow":["GET"]}}],"collection":[{"href":"https:\/\/www.pixolum.com\/blog\/wp-json\/wp\/v2\/pages"}],"about":[{"href":"https:\/\/www.pixolum.com\/blog\/wp-json\/wp\/v2\/types\/page"}],"author":[{"embeddable":true,"href":"https:\/\/www.pixolum.com\/blog\/wp-json\/wp\/v2\/users\/1"}],"replies":[{"embeddable":true,"href":"https:\/\/www.pixolum.com\/blog\/wp-json\/wp\/v2\/comments?post=3960"}],"version-history":[{"count":4,"href":"https:\/\/www.pixolum.com\/blog\/wp-json\/wp\/v2\/pages\/3960\/revisions"}],"predecessor-version":[{"id":9112,"href":"https:\/\/www.pixolum.com\/blog\/wp-json\/wp\/v2\/pages\/3960\/revisions\/9112"}],"wp:featuredmedia":[{"embeddable":true,"href":"https:\/\/www.pixolum.com\/blog\/wp-json\/wp\/v2\/media\/3962"}],"wp:attachment":[{"href":"https:\/\/www.pixolum.com\/blog\/wp-json\/wp\/v2\/media?parent=3960"}],"curies":[{"name":"wp","href":"https:\/\/api.w.org\/{rel}","templated":true}]}}