{"id":3952,"date":"2019-04-19T08:15:15","date_gmt":"2019-04-19T06:15:15","guid":{"rendered":"https:\/\/www.pixolum.com\/blog\/?page_id=3952"},"modified":"2020-03-31T17:50:09","modified_gmt":"2020-03-31T15:50:09","slug":"fotografieren-lernen","status":"publish","type":"page","link":"https:\/\/www.pixolum.com\/blog\/fotografieren-lernen","title":{"rendered":"Fotografieren lernen"},"content":{"rendered":"<h2>Fotografieren lernen Schritt f\u00fcr Schritt<\/h2>\n<p>Unz\u00e4hlige Ideen warten darauf, umgesetzt zu werden \u2013 wie aber sollst du sie angehen? Wie gelangst du zu au\u00dfergew\u00f6hnlichen Fotos, die deinen gro\u00dfen Ideen gerecht werden? M\u00f6glicherweise hast du aber auch schon mit dem <strong>Fotografieren lernen<\/strong> angefangen: Dank moderner digitaler Kameras gestaltet sich der Einstieg in aller Regel recht unkompliziert. Ein Klick auf den Ausl\u00f6ser \u2013 fertig ist das Bild. Zumeist kann sich das Ergebnis durchaus sehen lassen. Doch je l\u00e4nger du dabei bist, desto eher wirst du feststellen, dass du dein Potenzial noch nicht voll aussch\u00f6pfst.<\/p>\n<p>Wann ist es ein gutes Bild? Dieses Zitat trifft es auf den Kopf (hier gibt&#8217;s \u00fcbrigens noch mehr <a href=\"https:\/\/www.pixolum.com\/blog\/fotografie\/72-inspirierende-zitate-fotografen\">inspirierende Fotozitate<\/a>).<\/p>\n<blockquote><p>Ein gutes Foto ist ein Foto, auf das man l\u00e4nger als eine Sekunde schaut.<cite>Henri Cartier-Bresson<\/cite><\/p><\/blockquote>\n<h2>Schritt 1: Die wichtigsten drei Kameraeinstellungen<\/h2>\n<div class=\"pixol-adsense-mitte-beginn-artiel\" style=\"float: right;\" id=\"pixol-1773787136\"><script async type=\"text\/javascript\" src=\"\/\/cdn.carbonads.com\/carbon.js?serve=CE7IL2JM&placement=wwwpixolumcom\" id=\"_carbonads_js\"><\/script><\/div><p>Keine Angst, <strong>fotografieren lernen<\/strong> ist einfacher, als du denkst. Bevor du als Anf\u00e4nger also nach Tipps oder Gr\u00fcnden zum Kauf einer neuen, noch besseren Kamera oder unz\u00e4hligen Objektiven suchst, solltest du dich erst einmal mit der Technik und den <a href=\"https:\/\/www.pixolum.com\/blog\/fotografie\/kameraeinstellungen\">wichtigsten 7 Kameraeinstellungen<\/a> besch\u00e4ftigen. Besch\u00e4ftigen wir uns erst einmal mit den technischen Grundlagen, die jeder Fotograf in- und auswendig kennen muss. Sie bilden die absolute Basis. Ohne sie gehts nichts. Wenn du sie aber beherrschst, bist du schon einen gro\u00dfen Schritt weiter als die zahlreichen Knipser im Automatikmodus, die wahllos alles ablichten, was ihnen in die Quere kommt (war jetzt etwas b\u00f6se ausgedr\u00fcckt&#8230; ist aber eben oft so \ud83d\ude42 ).<\/p>\n<p><strong>Da sind sie, die Top 3 der Kameraeinstellungen:<\/strong><\/p>\n<ul class=\"iconlist\">\n<li>Blende,<\/li>\n<li>Lichtempfindlichkeit (ISO) und<\/li>\n<li>Belichtungszeit<\/li>\n<\/ul>\n<p>Sagt dir alles nichts? Kein Problem. Ich werde dir anhand von Bildern und Anleitungen in den n\u00e4chsten Abschnitten zeigen, was es damit auf sich hat. Die Blende (oder auch Englisch &#8222;Aperture&#8220; genannt), die sich in der Linse oder direkt dahinter befindet, beeinflusst die durch die <a href=\"https:\/\/www.leifiphysik.de\/optik\/optische-linsen\/ausblick\/fotoapparat\" target=\"_blank\" rel=\"nofollow noopener noreferrer\">Linse fallende Lichtmenge<\/a>. Die ISO-Zahl kontrolliert die Lichtempfindlichkeit des Kamerasensors. Je h\u00f6her sie ist, desto h\u00f6her f\u00e4llt auch die Lichtempfindlichkeit aus. Die Belichtungszeit hat Einfluss auf die Lichtmenge, die in die Kamera eindringt. Bei einer kurzen Belichtungszeit ist die Blende nur f\u00fcr einige Millisekunden ge\u00f6ffnet, sodass nur wenig Licht in die Kamera gelangt. Bei einer l\u00e4ngeren Belichtungszeit dementsprechend mehr. Wie du sicher gerade merkst, bedeutet fotografieren lernen nicht nur eine Foto-Challenge nach der anderen zu absolvieren, sondern eben auch ein wenig Theorie in den Kopf zu bringen.<\/p><div class=\"pixol-inhalt_3\" style=\"margin-bottom: 30px;\" id=\"pixol-3437735446\"><h4>Kennst du schon meine 52 weltbesten Spickzettel?<\/h4>\r\n<div class=\"spickteaser\">\r\n<div class=\"row\">\r\n<div class=\"col-sm-7\">\r\n\t<a href=\"https:\/\/www.pixolum.com\/blog\/downloads\/fotografie-spickzettel?utm_source=pixolum&utm_medium=blog_inarticle&utm_campaign=spk_pix_sale_30&utm_term=p79\"><img class=\"alignnone size-full wp-image-8300\" src=\"https:\/\/www.pixolum.com\/blog\/wp-content\/uploads\/2020\/10\/Fotospickzettel-pixolum-500px.jpg\" alt=\"Fotografie Spickzettel\" loading=\u201dlazy\u201d \/><\/a>\r\n\t<\/div>\r\n<div class=\"col-sm-5\">\r\n<a href=\"https:\/\/www.pixolum.com\/blog\/downloads\/fotografie-spickzettel?utm_source=pixolum&utm_medium=blog_inarticle&utm_campaign=spk_pix_sale_30&utm_term=p79\">\r\n\t<ul class=\"check_icon_list check_icon_list--spickzettel\">\r\n\t\t<li>Mein ganzes Fotowissen<\/li>\r\n\t\t<li>Bessere Fotos in 5 Minuten<\/li>\r\n\t\t<li>Referenz zum Nachschlagen<\/li>\r\n\t\t<li>Kompakt, immer dabei!<\/li>\r\n\t\t<li>Rabatt nicht verpassen!<b><span>-50%<\/span><\/b><\/li>\r\n\t<\/ul>\r\n\t<div class=\"trenner_30\"><\/div>\r\n<\/a>\r\n<a href=\"https:\/\/www.pixolum.com\/blog\/downloads\/fotografie-spickzettel?utm_source=pixolum&utm_medium=blog_inarticle&utm_campaign=spk_pix_sale_30&utm_term=p79\" class=\"btn btn-primary btn-lg btn-block\">Ou ja, zeig mal!<\/a><\/div>\r\n<\/div>\r\n<\/div>\r\n<hr><\/div>\n<h3>Blende<\/h3>\n<p>Die Blendeneinstellung wird auch als Blendenzahl bezeichnet und besitzt eine numerische Folge. Wenn ein Fotograf von der Blende spricht, die er f\u00fcr ein bestimmtes Bild benutzt hat, benutzt er Zahlen wie f\/1.8, f\/2.8 oder f\/5.6. Das Interessante daran ist: Je h\u00f6her die Zahl hinter dem f\/ ist, umso kleiner ist die \u00d6ffnung der Blende. So gelangt weniger Licht ins Kamerainnere. Und umgekehrt: Je kleiner die Blendenzahl ist, umso gr\u00f6\u00dfer die Blenden\u00f6ffnung. So kann mehr Licht ins Kamerainnere eindringen. Durch die Blende wird dein Foto gestalterisch beeinflusst, denn mit ihrer Hilfe wird die Sch\u00e4rfentiefe kontrolliert. So kannst du beispielsweise Unsch\u00e4rfen im Hintergrund erzeugen. Falls du dich bereits vertieft damit auseinandersetzen willst, haben wir hier das <a href=\"https:\/\/www.pixolum.com\/blog\/fotografie\/blende\">Lernmaterial zur Blende<\/a>.<\/p>\n<p>Ein Muss f\u00fcr jeden Fotografie-Anf\u00e4nger ist folgende Grafik. Damit kannst du den Einfluss der Blende jederzeit &#8222;nachschauen&#8220;.<\/p>\n<p><img loading=\"lazy\" decoding=\"async\" width=\"766\" height=\"427\" class=\"alignnone size-full wp-image-225\" src=\"https:\/\/www.pixolum.com\/blog\/wp-content\/uploads\/2015\/07\/blende-und-tiefensch\u00e4rfe.jpg\" alt=\"Blende und Sch\u00e4rfentiefe\" title=\"\" srcset=\"https:\/\/www.pixolum.com\/blog\/wp-content\/uploads\/2015\/07\/blende-und-tiefensch\u00e4rfe.jpg 766w, https:\/\/www.pixolum.com\/blog\/wp-content\/uploads\/2015\/07\/blende-und-tiefensch\u00e4rfe-300x167.jpg 300w\" sizes=\"auto, (max-width: 766px) 100vw, 766px\" \/><\/p>\n<h3>ISO &#8211; Lichtempfindlichkeit<\/h3>\n<p>Die <a href=\"https:\/\/www.pixolum.com\/blog\/fotografie\/iso-wert-kamera\">ISO-Zahl<\/a> bestimmt die Lichtempfindlichkeit des Kamerasensors. Je h\u00f6her sie ist, desto h\u00f6her auch die Lichtempfindlichkeit. Dadurch wird nur wenig Licht ben\u00f6tigt, um die optimale Belichtung zu erzeugen \u2013 die Belichtungszeiten verk\u00fcrzen sich. Eine niedrige ISO-Zahl auf der anderen Seite reduziert die Lichtempfindlichkeit, so dass weniger Licht f\u00fcr das Foto ben\u00f6tigt wird. Bei guten Lichtverh\u00e4ltnissen sollte daher eine niedrige ISO-Zahl zwischen 100 und 200 gew\u00e4hlt werden. Bei bedecktem Himmel oder Abendlicht ist dagegen eine ISO-Zahl zwischen 400 und 800 empfehlenswert. Allerdings kommt es bei einer h\u00f6heren Lichtempfindlichkeit h\u00e4ufig zu Bildrauschen, also zu einer Verschlechterung der Bildqualit\u00e4t durch st\u00f6rende Pixel. So k\u00f6nnen viele Details im Foto verloren gehen.<\/p>\n<h3>Belichtungszeit<\/h3>\n<p><a href=\"https:\/\/www.pixolum.com\/blog\/fotografie\/belichtungszeit\">Die Belichtungszeit<\/a>, auch als Shutter Speed oder <a href=\"https:\/\/www.pixolum.com\/blog\/fotografie\/verschlusszeit\">Verschlusszeit<\/a> bekannt, beeinflusst die Lichtmenge, die in die Kamera eindringt. Bei einer kurzen Belichtungszeit ist die Blende nur f\u00fcr einen Sekundenbruchteil ge\u00f6ffnet, so dass nur wenig Licht das Kamerainnere erreicht. Bei einer langen Belichtungszeit gelangt dagegen viel Licht in die Kamera, was besonders nachts ideal ist: Mit <a href=\"https:\/\/www.pixolum.com\/blog\/fotografie\/langzeitbelichtung\">Langzeitbelichtung<\/a> kannst du atemberaubende Fotos vom Nachthimmel, von den Sternen und vom Mond machen. Hier haben wir ein Tutorial erstellt, wie du mit langer <a href=\"https:\/\/www.pixolum.com\/blog\/fotografie\/langzeitbelichtung-wasserfall-fotografieren-mit-schleier-effekt\">Belichtungszeit einen Wasserfall<\/a> sanftm\u00fctig und weich aussehen lassen kannst. Zudem spielt die Belichtungszeit auch dann eine Rolle, wenn dein Motiv sich bewegt: Denn bei einer kurzen Belichtungszeit k\u00f6nnen selbst dynamische Szenen scharf eingefangen werden. Bei einer langen Belichtungszeit k\u00f6nnen dagegen verwackelte Bilder entstehen. Bei beweglichen Motiven solltest du daher eine kurze Belichtungszeit w\u00e4hlen.<\/p>\n<figure id=\"attachment_4216\" aria-describedby=\"caption-attachment-4216\" style=\"width: 800px\" class=\"wp-caption alignnone\"><img loading=\"lazy\" decoding=\"async\" class=\"wp-image-4216 size-large\" src=\"https:\/\/www.pixolum.com\/blog\/wp-content\/uploads\/2019\/05\/fotografieren-lernen-belichtungszeit-800x706.jpg\" alt=\"fotografieren lernen belichtungszeit\" width=\"800\" height=\"706\" title=\"\" srcset=\"https:\/\/www.pixolum.com\/blog\/wp-content\/uploads\/2019\/05\/fotografieren-lernen-belichtungszeit-800x706.jpg 800w, https:\/\/www.pixolum.com\/blog\/wp-content\/uploads\/2019\/05\/fotografieren-lernen-belichtungszeit-250x221.jpg 250w, https:\/\/www.pixolum.com\/blog\/wp-content\/uploads\/2019\/05\/fotografieren-lernen-belichtungszeit-120x106.jpg 120w, https:\/\/www.pixolum.com\/blog\/wp-content\/uploads\/2019\/05\/fotografieren-lernen-belichtungszeit.jpg 1000w\" sizes=\"auto, (max-width: 800px) 100vw, 800px\" \/><figcaption id=\"caption-attachment-4216\" class=\"wp-caption-text\">Je schneller sich ein Motiv bewegt, desto k\u00fcrzer sollte die Verschlusszeit sein, damit ein scharfes Bild entsteht.<\/figcaption><\/figure>\n<h2>Schritt 2: Zusammenh\u00e4nge erkennen<\/h2>\n<p>Nachdem du nun weisst, welchen Einfluss Blende, Lichtempfindlichkeit (ISO) und Belichtungszeit auf deine Bilder haben, solltest du dich auch mit ihrem Zusammenspiel besch\u00e4ftigen. Denn wenn du den Zusammenhang einmal verstanden hast, wirst du beim Fotografieren lernen nie wieder auf Motivprogramme zur\u00fcckgreifen m\u00fcssen. Wenn du im Freien fotografierst, eignen sich eine Blende von F8, eine Lichtempfindlichkeit von ISO 100 und eine Belichtungszeit von 1\/500 Sekunden perfekt. Reduzierst du die Belichtungszeit, ben\u00f6tigt die Kamera mehr Licht f\u00fcr das Bild \u2013 so beispielsweise bei Innenaufnahmen, bei denen kaum nat\u00fcrliches Licht vorhanden ist. In der Folge sollte die ISO-Zahl erh\u00f6ht und die Blende weiter ge\u00f6ffnet werden. Alle Details dazu findest du in unserem Artikel zum <a href=\"https:\/\/www.pixolum.com\/blog\/fotografie\/belichtungsdreieck\">Belichtungsdreick<\/a>.<\/p>\n<figure id=\"attachment_4217\" aria-describedby=\"caption-attachment-4217\" style=\"width: 630px\" class=\"wp-caption alignnone\"><img loading=\"lazy\" decoding=\"async\" class=\"wp-image-4217 size-full\" src=\"https:\/\/www.pixolum.com\/blog\/wp-content\/uploads\/2019\/05\/fotografieren-lernen-belichtungs-triangel.jpg\" alt=\"fotografieren lernen belichtungs-triangel\" width=\"630\" height=\"630\" title=\"\" srcset=\"https:\/\/www.pixolum.com\/blog\/wp-content\/uploads\/2019\/05\/fotografieren-lernen-belichtungs-triangel.jpg 630w, https:\/\/www.pixolum.com\/blog\/wp-content\/uploads\/2019\/05\/fotografieren-lernen-belichtungs-triangel-150x150.jpg 150w, https:\/\/www.pixolum.com\/blog\/wp-content\/uploads\/2019\/05\/fotografieren-lernen-belichtungs-triangel-250x250.jpg 250w, https:\/\/www.pixolum.com\/blog\/wp-content\/uploads\/2019\/05\/fotografieren-lernen-belichtungs-triangel-120x120.jpg 120w\" sizes=\"auto, (max-width: 630px) 100vw, 630px\" \/><figcaption id=\"caption-attachment-4217\" class=\"wp-caption-text\">Belichtungsdreieck: Diesen Einfluss nehmen ISO, Blende und Belichtungszeit auf dein Bild<\/figcaption><\/figure>\n<p>Du siehst also: Ganz gleich, ob du dich f\u00fcr die Portr\u00e4tfotografie oder die Landschaftsfotografie interessierst, beim Fotografieren lernen ist es wichtig, dass du dich mit den technischen Grundlagen deiner Kamera besch\u00e4ftigst. Das sind aber nicht die einzigen Basics, von denen du schon einmal etwas geh\u00f6rt haben solltest. Das Sch\u00f6ne daran ist: Fotografie funktioniert immer auf die gleiche Art und Weise. Wenn du deine Grundlagen kennst, kannst du also alles fotografieren, was du m\u00f6chtest.<\/p>\n<h2>Schritt 3: So kommt Leben in dein Bild<\/h2>\n<p>Reduziert man die Fotografie auf die wesentlichen Elemente, kann man mit diesen vier Schritten jedes Motiv fotografieren. Diese Abfolge gilt f\u00fcr jedes Motiv, sei es nun eine dynamische Szene oder ein idyllisches Landschaftsbild.<\/p>\n<ol>\n<li>Perspektive w\u00e4hlen,<\/li>\n<li>Ausschnitt einstellen,<\/li>\n<li>Sch\u00e4rfentiefe festlegen,<\/li>\n<li>Belichtungszeit beachten.<\/li>\n<\/ol>\n<p>Nachfolgend wirst du die wichtigsten Gestaltungs-Tricks beim Fotografieren lernen. Mit der Zeit wirst du deinen eigenen Bildstil entwickeln. Zu Beginn sind aber ein paar Grundkenntnisse \u00fcber g\u00e4ngige Modelle wichtiger. Diese bilden sozusagen die Basis, auf welche du deine eigene Kreativit\u00e4t aufbauen kannst. Modelle wie die Drittelregel sind mittlerweile wissenschaftlich fundiert und beeinflussen die Wahrnehmung des Betrachters sehr stark. Mehr dazu aber im n\u00e4chsten Abschnitt.<\/p>\n<h3>Die Drittelregel<\/h3>\n<p>Wenn du fotografieren lernen m\u00f6chtest, solltest du nicht nur die technischen Basics deiner Kamera beherrschen, sondern dich auch mit den <a href=\"https:\/\/www.pixolum.com\/blog\/fotografie\/bildkomposition\">20 Regeln der Bildkomposition<\/a> besch\u00e4ftigen. Dazu geh\u00f6rt auch die <a href=\"https:\/\/www.pixolum.com\/blog\/fotografie\/drittelregel\">Drittelregel<\/a>, die beim Fotografieren lernen als Grundlage der Bildgestaltung dienen kann. Hierbei teilst du dein Foto in drei nebeneinander- und \u00fcbereinanderliegende Teile ein. Wenn du dich als Fotografie-Anf\u00e4nger schon l\u00e4nger \u00fcber das Gitternetz im Sucher deiner Kamera wunderst, solltest du jetzt hellh\u00f6rig werden: Denn dieses Gitternetz, das im Sucher oder Display der Kamera zu- und abschaltbar ist, eignet sich perfekt, um die Drittelregel in deinen Bildern umzusetzen.<\/p>\n<figure id=\"attachment_4223\" aria-describedby=\"caption-attachment-4223\" style=\"width: 800px\" class=\"wp-caption alignnone\"><img loading=\"lazy\" decoding=\"async\" class=\"wp-image-4223 size-large\" src=\"https:\/\/www.pixolum.com\/blog\/wp-content\/uploads\/2019\/05\/fotografieren-lernen-drittel-regel-800x534.jpg\" alt=\"fotografieren lernen drittel regel\" width=\"800\" height=\"534\" title=\"\" srcset=\"https:\/\/www.pixolum.com\/blog\/wp-content\/uploads\/2019\/05\/fotografieren-lernen-drittel-regel-800x534.jpg 800w, https:\/\/www.pixolum.com\/blog\/wp-content\/uploads\/2019\/05\/fotografieren-lernen-drittel-regel-250x167.jpg 250w, https:\/\/www.pixolum.com\/blog\/wp-content\/uploads\/2019\/05\/fotografieren-lernen-drittel-regel-120x80.jpg 120w, https:\/\/www.pixolum.com\/blog\/wp-content\/uploads\/2019\/05\/fotografieren-lernen-drittel-regel.jpg 1000w\" sizes=\"auto, (max-width: 800px) 100vw, 800px\" \/><figcaption id=\"caption-attachment-4223\" class=\"wp-caption-text\">Drittel Regel in der Fotografie<\/figcaption><\/figure>\n<p>Platziere dein Hauptmotiv hierzu einfach auf der Trennlinie zum linken oder rechten, oberen oder unteren Drittel \u2013 schon bist zu der perfekten Bildkomposition einen grossen Schritt n\u00e4her.<\/p>\n<h3>Kameraperspektive<\/h3>\n<p>Ein gutes Foto hat eine gewisse Spannung, eine sch\u00f6ne Komposition und ein bestimmtes Seitenverh\u00e4ltnis. Wenn du dich mit der Kameraperspektive auskennst, kommst du dieser begehrten Dreifaltigkeit einen wichtigen Schritt n\u00e4her: Sei es die Normalperspektive, der Dutch Angle, die Vogelperspektive, der Low Angle oder die Froschperspektive, manchmal kann es sich lohnen, einen anderen Blickwinkel zu deinem Motiv einzunehmen. Das n\u00e4chste Mal, wenn du etwas fotografierst, kannst du vielleicht auf die Knie gehen oder dich sogar auf den Boden legen. Begib dich auf die gleiche H\u00f6he wie dein Motiv und lass dich vom Ergebnis \u00fcberraschen. Es kann durchaus passieren, dass sich dir eine ganz neue Welt auftut.<\/p>\n<ul class=\"iconlist\">\n<li>Zum Start findest du hier die <a href=\"https:\/\/www.pixolum.com\/blog\/fotografie\/8-kamera-perspektiven-fuer-die-optimale-bildwirkung\">8 wichtigsten Kamera Perspektiven<\/a><\/li>\n<\/ul>\n<h3>Licht<\/h3>\n<p>Es ist wichtig, das Licht nicht nur aus einer technischen Perspektive zu betrachten: Denn erst der sensible Umgang mit dem vorhandenen Licht und das Aufsp\u00fcren einzigartiger Lichtsituationen machen dich zum wahren K\u00fcnstler. Andererseits solltest du dir aber auch dar\u00fcber im Klaren sein, dass das sch\u00f6nste Licht nichts bringt, wenn die Tonwerte im Bild nicht stimmen. Auch hier empfiehlt es sich also, die eigene Kamera mitsamt ihrer Optionen und Einstellungen ausgiebig kennenzulernen. Wir haben dazu folgende Artikel f\u00fcr dich:<\/p>\n<ul class=\"iconlist\">\n<li><a href=\"https:\/\/www.pixolum.com\/blog\/fotografie\/histogramm-lesen-und-verstehen-fotografieren-lernen\">Histogram lesen und verstehen<\/a><\/li>\n<li><a href=\"https:\/\/www.pixolum.com\/blog\/fotografie\/weissabgleich-farbtemperatur\">Weissabgleich und Farbtemperatur einstellen<\/a><\/li>\n<\/ul>\n<h3>Motivwahl<\/h3>\n<p>Bei der Motivwahl gibt es eine wichtige Regel zu beachten: Konzentriere dich auf das Wesentliche und versuche nicht, zu viele Details mit einer Aufnahme abzudecken. Denke bei der Bildgestaltung auch an dein sp\u00e4teres Ausgabeformat. Sind mehrere Details in dem Bildausschnitt wichtig, kannst du die Details vielleicht mit mehreren Detailaufnahmen abdecken. Stelle dir, solange du noch dabei bist, das Fotografieren zu lernen, aber auch sp\u00e4ter folgende drei Fragen:<\/p>\n<ul class=\"iconlist\">\n<li>Wie kann ich die Aufmerksamkeit des Betrachters auf mein Hauptmotiv lenken?<\/li>\n<li>Wie kann ich das Auge des Betrachters durch die Komposition begleiten?<\/li>\n<li>Welche st\u00f6renden Elemente kann ich aus dem Foto verbannen?<\/li>\n<\/ul>\n<figure id=\"attachment_4222\" aria-describedby=\"caption-attachment-4222\" style=\"width: 800px\" class=\"wp-caption alignnone\"><img loading=\"lazy\" decoding=\"async\" class=\"wp-image-4222 size-large\" src=\"https:\/\/www.pixolum.com\/blog\/wp-content\/uploads\/2019\/05\/fotografieren-lernen-zeit-800x1274.jpg\" alt=\"fotografieren lernen zeit\" width=\"800\" height=\"1274\" title=\"\" srcset=\"https:\/\/www.pixolum.com\/blog\/wp-content\/uploads\/2019\/05\/fotografieren-lernen-zeit-800x1274.jpg 800w, https:\/\/www.pixolum.com\/blog\/wp-content\/uploads\/2019\/05\/fotografieren-lernen-zeit-250x398.jpg 250w, https:\/\/www.pixolum.com\/blog\/wp-content\/uploads\/2019\/05\/fotografieren-lernen-zeit-120x191.jpg 120w, https:\/\/www.pixolum.com\/blog\/wp-content\/uploads\/2019\/05\/fotografieren-lernen-zeit.jpg 1000w\" sizes=\"auto, (max-width: 800px) 100vw, 800px\" \/><figcaption id=\"caption-attachment-4222\" class=\"wp-caption-text\">Fokussiere auf das Wesentliche \/ @Carlos Vaz unsplash<\/figcaption><\/figure>\n<p>Ob du fr\u00fcher oder sp\u00e4ter Adobe Photoshop oder ein anderes Bildbearbeitungsprogramm hinzunimmst, h\u00e4ngt von deiner Art zu fotografieren und von deinen Anspr\u00fcchen ab.<\/p>\n<h3>Ausr\u00fcstung<\/h3>\n<p>Mit mehr oder <a href=\"https:\/\/www.pixolum.com\/blog\/fotografie\/unsere-foto-ausruestung\">besserer Ausr\u00fcstung<\/a> wirst du keine besseren Bilder machen. Eine Kamera mit einem Weitwinkel und einem Teleobjektiv reichen f\u00fcr dein erstes Jahr in der Fotografie aus. Das einzige, was wir dir noch empfehlen, ist ein Stativ. Wenn du keines dabei hast und du keine ruhige Hand hast, kann es dir helfen, dich an eine Wand anzulehnen oder deine Kamera auf einer Bank, einer Mauer oder einem Briefkasten abzustellen. Achte auch darauf, nicht zu hektisch auf den Ausl\u00f6ser zu dr\u00fccken.<\/p>\n<p>Generell raten wir dir aber zum Kauf eines Stativs &#8211; du wirst es auch bei einigen unserer Tutorials brauchen. Es kann dir dabei helfen, atemberaubende Fotos im Abendlicht oder in der Nacht zu machen. Auch Innen- und Architekturaufnahmen gewinnen durch ein Stativ an fotografischer Qualit\u00e4t. Du kannst dir mehr Zeit nehmen und verf\u00e4llst nicht so schnell in Hektik.<\/p>\n<h2>Schritt 4: Fotografieren lernen braucht Zeit<\/h2>\n<p>Du kannst du dir die Fotografie als ein grosses Haus vorstellen. Wenn du ganz nach oben m\u00f6chtest, musst du es Etage f\u00fcr Etage durchqueren. Wichtig ist, dass du auch den Weg dorthin geniesst. Es geht beim Fotografieren lernen nicht nur darum, eine moderne digitale Kamera zu kaufen. Schliesslich schaffen es von allen Menschen, die sich eine neue Kamera kaufen, am Ende vielleicht gerade einmal ein bis zwei Prozent, wirklich tief in die Fotografie einzusteigen und aussergew\u00f6hnliche Fotos zu machen. Auch dir mag das Fotografieren lernen anfangs vielleicht noch m\u00fchsam erscheinen \u2013 tats\u00e4chlich ist es mit etwas \u00dcbung aber gar nicht so schwierig. Hast du schon einmal an eine professionelle <a href=\"https:\/\/www.pixolum.com\/blog\/fotografie\/ausbildung\">Fotografie Ausbildung<\/a> gedacht? Daf\u00fcr gibt es n\u00e4mlich einige spannende Optionen.<\/p>\n<blockquote><p>Resultate sind unsicher \u2013 auch unter den erfahrensten Fotografen.<cite>Matthew Brady<\/cite><\/p><\/blockquote>\n<p>Abschliessend noch ein paar inspirierende Worte: Setz dich beim Fotografieren lernen nicht unter Druck. Koste dein neues Hobby voll und ganz aus und mach dir klar, dass Erfolg nicht kalkulierbar ist. Du musst nicht von heute auf morgen <a href=\"https:\/\/www.pixolum.com\/blog\/fotografie\/selbststaendiger-fotograf-so-erfuellst-du-dir-den-traum\">zum selbstst\u00e4ndigen Fotografen werden<\/a>, der sich mit der Kunst der Fotografie seine Br\u00f6tchen verdient. Und, vielleicht am wichtigsten: Sei nicht neidisch auf all jene, die auf dem Weg nach oben vielleicht schon einen Schritt weiter sind, denn auch sie haben mal klein angefangen. Taste dich langsam ans Fotografieren lernen heran. Hab Spass und gib nicht gleich auf, wenn es nicht ganz so l\u00e4uft, wie du dir das vorgestellt hast. Geh konsequent deinen Weg und \u00fcbe, \u00fcbe, \u00fcbe. Schliesslich ist noch kein Meister vom Himmel gefallen.<\/p>\n<p>Wir, das Team von pixolum, helfen dir gerne dabei, das Beste aus deinem Talent und deiner Kamera herauszuholen. Wir m\u00f6chten, dass du den eigenen Fortschritt in deinen Bildern siehst. Dass du Emotionen ausl\u00f6st und deinen Fotos mehr Ausdruck verleihst. Auf unserer Seite findest du alle m\u00f6glichen Artikel, die dir beim Fotografieren lernen helfen sollen.<\/p>\n<h2>Zusatz: Was ist Fotografie eigentlich?<\/h2>\n<p>Das wird sich wohl jeder fragen, der das Fotografieren lernen m\u00f6chte oder der bereits regelm\u00e4ssig eine Kamera in die Hand nimmt. Im Grunde beantwortet sich jeder Fotograf diese Frage selbst. Eine Antwort, die aber auf jeden Fall zutrifft, ist: <a href=\"http:\/\/dream-picture-moments.de\/was-ist-fotogtrafie\/\" target=\"_blank\" rel=\"nofollow noopener noreferrer\">Fotografie ist Kunst<\/a>. Tats\u00e4chlich kann man sie mit der gr\u00f6ssten Kunst \u00fcberhaupt, der Malerei, vergleichen, obwohl viele Maler das in Frage stellen w\u00fcrden. Denn wo der Maler in stunden- oder tagelanger m\u00fchsamer Arbeit den Pinsel schwingt, dr\u00fcckt der Fotograf \u00bbnur\u00ab den Ausl\u00f6ser \u2013 fertig ist das Kunstwerk. Ganz so einfach ist es dann aber nat\u00fcrlich doch nicht&#8230;<\/p>\n<p>Fotografie ist die <strong>\u00dcbertragung von Gedanken und Gef\u00fchlen auf ein Motiv<\/strong>. Dabei ist es nicht n\u00f6tig, in ferne L\u00e4nder zu reisen und exotische Orte aufzusuchen: Denn authentische Fotografie beginnt direkt vor deiner Haust\u00fcr. Wer fotografieren lernen m\u00f6chte, sollte sich daher nicht nur mit den technischen Aspekten seiner Kamera, sondern auch mit Themen wie der Bildkomposition besch\u00e4ftigen. Denn die Kamera an sich ist ein kaltes, dummes Ger\u00e4t &#8211; nur du kannst dem ganzen Leben einhauchen und bestimmte Gef\u00fchle in dein Bild transportieren. Erst, wenn alle wesentlichen Aspekte ineinanderfliessen, kommt ein gutes Foto dabei heraus.<\/p>\n","protected":false},"excerpt":{"rendered":"<p>Fotografieren lernen Schritt f\u00fcr Schritt Unz\u00e4hlige Ideen warten darauf, umgesetzt zu werden \u2013 wie aber sollst du sie angehen? Wie gelangst du zu au\u00dfergew\u00f6hnlichen Fotos, die deinen gro\u00dfen Ideen gerecht werden? M\u00f6glicherweise hast du aber auch schon mit dem Fotografieren lernen angefangen: Dank moderner digitaler Kameras gestaltet sich der Einstieg in aller Regel recht unkompliziert. [&hellip;]<\/p>\n","protected":false},"author":1,"featured_media":3953,"parent":0,"menu_order":0,"comment_status":"open","ping_status":"closed","template":"","meta":{"om_disable_all_campaigns":false,"footnotes":""},"class_list":["post-3952","page","type-page","status-publish","has-post-thumbnail","hentry"],"_links":{"self":[{"href":"https:\/\/www.pixolum.com\/blog\/wp-json\/wp\/v2\/pages\/3952","targetHints":{"allow":["GET"]}}],"collection":[{"href":"https:\/\/www.pixolum.com\/blog\/wp-json\/wp\/v2\/pages"}],"about":[{"href":"https:\/\/www.pixolum.com\/blog\/wp-json\/wp\/v2\/types\/page"}],"author":[{"embeddable":true,"href":"https:\/\/www.pixolum.com\/blog\/wp-json\/wp\/v2\/users\/1"}],"replies":[{"embeddable":true,"href":"https:\/\/www.pixolum.com\/blog\/wp-json\/wp\/v2\/comments?post=3952"}],"version-history":[{"count":22,"href":"https:\/\/www.pixolum.com\/blog\/wp-json\/wp\/v2\/pages\/3952\/revisions"}],"predecessor-version":[{"id":10764,"href":"https:\/\/www.pixolum.com\/blog\/wp-json\/wp\/v2\/pages\/3952\/revisions\/10764"}],"wp:featuredmedia":[{"embeddable":true,"href":"https:\/\/www.pixolum.com\/blog\/wp-json\/wp\/v2\/media\/3953"}],"wp:attachment":[{"href":"https:\/\/www.pixolum.com\/blog\/wp-json\/wp\/v2\/media?parent=3952"}],"curies":[{"name":"wp","href":"https:\/\/api.w.org\/{rel}","templated":true}]}}